{"id":83,"date":"2026-03-16T10:31:41","date_gmt":"2026-03-16T10:31:41","guid":{"rendered":"https:\/\/davorapp.hrfaq\/"},"modified":"2026-03-24T11:01:06","modified_gmt":"2026-03-24T11:01:06","slug":"contactus","status":"publish","type":"page","link":"https:\/\/davorapp.hr\/de\/contactus\/","title":{"rendered":"contactUs"},"content":{"rendered":"<section class=\"bde-section-83-147 bde-section\">\n  \n  \n\t\n\n\n\n<div class=\"section-container\"><div class=\"bde-columns-83-125 bde-columns\"><div class=\"bde-column-83-126 bde-column\">\n              \n  \n  \n\t\n\n  <div class=\"section-background-overlay\"><\/div>\n\n\n<div class=\"bde-div-83-143 bde-div\">\n  \n  \n\t\n\n\n\n<h2 class=\"bde-heading-83-144 bde-heading\">\nKontakt obrazac\n<\/h2><div class=\"bde-text-83-145 bde-text\">\nNe mo\u017eete prona\u0107i kontakt i informacije koje tra\u017eite? Pi\u0161ite nam putem ovog kratkog obrasca.\n<\/div><div class=\"bde-form-builder-83-146 bde-form-builder\">\n\n<form id=\"contact-form146\" class=\"breakdance-form breakdance-form--vertical\" data-options=\"{&quot;slug&quot;:&quot;custom&quot;,&quot;name&quot;:&quot;Contact Form&quot;,&quot;ajaxUrl&quot;:&quot;https:\\\/\\\/davorapp.hr\\\/wp-admin\\\/admin-ajax.php&quot;,&quot;clearOnSuccess&quot;:true,&quot;hideOnSuccess&quot;:false,&quot;successMessage&quot;:&quot;Va\\u0161a poruka je primljena!&quot;,&quot;errorMessage&quot;:&quot;Ne\\u0161to nije u redu&quot;,&quot;redirect&quot;:false,&quot;redirectUrl&quot;:&quot;&quot;,&quot;customJavaScript&quot;:&quot;&quot;,&quot;recaptcha&quot;:{&quot;key&quot;:&quot;&quot;,&quot;enabled&quot;:false},&quot;honeypot_enabled&quot;:false,&quot;popupsOnSuccess&quot;:[],&quot;popupsOnError&quot;:[]}\" data-steps=\"0\" >\n  \n  \n  \n<div class=\"breakdance-form-field breakdance-form-field--text\" >\n    \n    \n            <label class=\"breakdance-form-field__label\" for=\"name\">\n            Ime<span class=\"breakdance-form-field__required\">*<\/span>\n        <\/label>\n    \n    <input\n    class=\"breakdance-form-field__input\"\n    id=\"name\"\n    aria-describedby=\"name\"\n    type=\"text\"\n    name=\"fields[name]\"\n    placeholder=\"\"\n    value=\"\"\n                \n        \n        \n    required\n    \n    \n    \n>\n\n\n    \n    \n<\/div>\n\n\n<div class=\"breakdance-form-field breakdance-form-field--tel\" >\n    \n    \n            <label class=\"breakdance-form-field__label\" for=\"oafntm\">\n            Va\u0161 kontakt\n        <\/label>\n    \n    <input\n    class=\"breakdance-form-field__input\"\n    id=\"oafntm\"\n    aria-describedby=\"oafntm\"\n    type=\"tel\"\n    name=\"fields[oafntm]\"\n    placeholder=\"\"\n    value=\"\"\n                \n        \n        \n    \n    \n    \n    \n>\n\n\n    \n    \n<\/div>\n\n\n<div class=\"breakdance-form-field breakdance-form-field--email\" >\n    \n    \n            <label class=\"breakdance-form-field__label\" for=\"email\">\n            Email<span class=\"breakdance-form-field__required\">*<\/span>\n        <\/label>\n    \n    <input\n    class=\"breakdance-form-field__input\"\n    id=\"email\"\n    aria-describedby=\"email\"\n    type=\"email\"\n    name=\"fields[email]\"\n    placeholder=\"\"\n    value=\"\"\n                \n        \n        \n    required\n    \n    \n    \n>\n\n\n    \n    \n<\/div>\n\n\n<div class=\"breakdance-form-field breakdance-form-field--textarea\" >\n    \n    \n            <label class=\"breakdance-form-field__label\" for=\"message\">\n            Poruka<span class=\"breakdance-form-field__required\">*<\/span>\n        <\/label>\n    \n    <textarea\n    class=\"breakdance-form-field__input\"\n    id=\"message\"\n    aria-describedby=\"message\"\n    type=\"textarea\"\n    name=\"fields[message]\"\n        placeholder=\"\"\n    required\n    >\n<\/textarea>\n\n\n    \n    \n<\/div>\n\n\n  \n\n<div class=\"breakdance-form-field breakdance-form-footer\">\n    \n    \n                                    \n    \n    \n    \n    \n            \n            <button type=\"submit\" class=\"button-atom button-atom--primary breakdance-form-button breakdance-form-button__submit\"  >\n    \n        <span class=\"button-atom__text\">Po\u0161alji poruku<\/span>\n\n        \n        \n            <\/button>\n    \n    <input type=\"hidden\" name=\"form_id\" value=\"146\">\n    <input type=\"hidden\" name=\"post_id\" value=\"83\">\n<\/div>\n\n  \n<\/form>\n\n\n<\/div>\n<\/div>\n<\/div><div class=\"bde-column-83-135 bde-column\">\n  \n  \n\t\n\n\n\n<h2 class=\"bde-heading-83-139 bde-heading\">\nContact Us\n<\/h2><div class=\"bde-fancy-divider-83-140 bde-fancy-divider\">\n\n\n<div class=\"bde-fancy-divider__wrapper\">\n  <div class=\"bde-fancy-divider__separator   \">\n  \t  <\/div>\n<\/div>\n\n<\/div><div class=\"bde-icon-list-83-138 bde-icon-list\">\n<ul>\n  \n              \n    <li>\n                      \n            \n            \n\n    \n    \n    \n    \n    \n    <a class=\"breakdance-link bde-icon-list__item-wrapper\" href=\"https:\/\/maps.app.goo.gl\/8a1Mucz8XxzzaDFr6\" target=\"_self\" data-type=\"url\"  >\n\n      \n      <span class='bde-icon-list__icon'>\n        <svg xmlns=\"http:\/\/www.w3.org\/2000\/svg\" id=\"icon-location\" viewBox=\"0 0 32 32\">\n<path d=\"M16 0c-5.523 0-10 4.477-10 10 0 10 10 22 10 22s10-12 10-22c0-5.523-4.477-10-10-10zM16 16c-3.314 0-6-2.686-6-6s2.686-6 6-6 6 2.686 6 6-2.686 6-6 6z\"\/>\n<\/svg>\n      <\/span>\n      <span class='bde-icon-list__text' >\n      Davor i Tea Mu\u0161kardin<br>Mo\u0161\u0107enice 1g<br>51417 Mo\u0161\u0107eni\u010dka Draga<br>Hrvatska\n      <\/span>\n                  <\/a>\n\n      \n    <\/li>\n\n  \n              \n    <li>\n                      \n            \n            \n\n    \n    \n    \n    \n    \n    <a class=\"breakdance-link bde-icon-list__item-wrapper\" href=\"tel:00385 (0)51 737 310\" target=\"_self\" data-type=\"url\"  >\n\n      \n      <span class='bde-icon-list__icon'>\n        <svg xmlns=\"http:\/\/www.w3.org\/2000\/svg\" id=\"icon-phone\" viewBox=\"0 0 32 32\">\n<path d=\"M22 20c-2 2-2 4-4 4s-4-2-6-4-4-4-4-6 2-2 4-4-4-8-6-8-6 6-6 6c0 4 4.109 12.109 8 16s12 8 16 8c0 0 6-4 6-6s-6-8-8-6z\"\/>\n<\/svg>\n      <\/span>\n      <span class='bde-icon-list__text' >\n      Telefon ku\u0107a: 00385 (0)51 737 310\n      <\/span>\n                  <\/a>\n\n      \n    <\/li>\n\n  \n              \n    <li>\n                      \n            \n            \n\n    \n    \n    \n    \n    \n    <a class=\"breakdance-link bde-icon-list__item-wrapper\" href=\"tel:00385 (0)91 788 8061\" target=\"_self\" data-type=\"url\"  >\n\n      \n      <span class='bde-icon-list__icon'>\n        <svg xmlns=\"http:\/\/www.w3.org\/2000\/svg\" id=\"icon-mobile\" viewBox=\"0 0 32 32\">\n<path d=\"M23 0h-14c-1.65 0-3 1.35-3 3v26c0 1.65 1.35 3 3 3h14c1.65 0 3-1.35 3-3v-26c0-1.65-1.35-3-3-3zM12 1.5h8v1h-8v-1zM16 30c-1.105 0-2-0.895-2-2s0.895-2 2-2 2 0.895 2 2-0.895 2-2 2zM24 24h-16v-20h16v20z\"\/>\n<\/svg>\n      <\/span>\n      <span class='bde-icon-list__text' >\n      Mobilni telefon: 00385 (0)91 788 8061\n      <\/span>\n                  <\/a>\n\n      \n    <\/li>\n\n  \n              \n    <li>\n                      \n            \n            \n\n    \n    \n    \n    \n    \n    <a class=\"breakdance-link bde-icon-list__item-wrapper\" href=\"mailto:davorapp@hotmail.com\" target=\"_self\" data-type=\"url\"  >\n\n      \n      <span class='bde-icon-list__icon'>\n        <svg xmlns=\"http:\/\/www.w3.org\/2000\/svg\" id=\"icon-mail3\" viewBox=\"0 0 32 32\">\n<path d=\"M26.667 0h-21.333c-2.934 0-5.334 2.4-5.334 5.334v21.332c0 2.936 2.4 5.334 5.334 5.334h21.333c2.934 0 5.333-2.398 5.333-5.334v-21.332c0-2.934-2.399-5.334-5.333-5.334zM5.707 27.707l-2.414-2.414 8-8 0.914 0.914-6.5 9.5zM4.793 6.207l0.914-0.914 10.293 8.293 10.293-8.293 0.914 0.914-11.207 13.207-11.207-13.207zM26.293 27.707l-6.5-9.5 0.914-0.914 8 8-2.414 2.414z\"\/>\n<\/svg>\n      <\/span>\n      <span class='bde-icon-list__text' >\n      davorapp@hotmail.com\n      <\/span>\n                  <\/a>\n\n      \n    <\/li>\n\n  \n              \n    <li>\n                      \n            \n            \n\n    \n    \n    \n    \n    \n    <a class=\"breakdance-link bde-icon-list__item-wrapper\" href=\"https:\/\/www.facebook.com\/davor.app.1\" target=\"_self\" data-type=\"url\"  >\n\n      \n      <span class='bde-icon-list__icon'>\n        <svg xmlns=\"http:\/\/www.w3.org\/2000\/svg\" id=\"icon-facebook\" viewBox=\"0 0 32 32\">\n<path d=\"M19 6h5v-6h-5c-3.86 0-7 3.14-7 7v3h-4v6h4v16h6v-16h5l1-6h-6v-3c0-0.542 0.458-1 1-1z\"\/>\n<\/svg>\n      <\/span>\n      <span class='bde-icon-list__text' >\n      DavorApp Mu\u0161kardin\n      <\/span>\n                  <\/a>\n\n      \n    <\/li>\n\n  \n              \n    <li>\n                      \n            \n            \n\n    \n    \n    \n    \n    \n    <a class=\"breakdance-link bde-icon-list__item-wrapper\" href=\"https:\/\/google.com\/+DavorAppMo%C5%A1cenickaDraga\" target=\"_self\" data-type=\"url\"  >\n\n      \n      <span class='bde-icon-list__icon'>\n        <svg xmlns=\"http:\/\/www.w3.org\/2000\/svg\" id=\"icon-google\" viewBox=\"0 0 32 32\">\n<path d=\"M16.319 13.713v5.487h9.075c-0.369 2.356-2.744 6.9-9.075 6.9-5.463 0-9.919-4.525-9.919-10.1s4.456-10.1 9.919-10.1c3.106 0 5.188 1.325 6.375 2.469l4.344-4.181c-2.788-2.612-6.4-4.188-10.719-4.188-8.844 0-16 7.156-16 16s7.156 16 16 16c9.231 0 15.363-6.494 15.363-15.631 0-1.050-0.113-1.85-0.25-2.65l-15.113-0.006z\"\/>\n<\/svg>\n      <\/span>\n      <span class='bde-icon-list__text' >\n      DavorAppMo\u0161cenickaDraga\n      <\/span>\n                  <\/a>\n\n      \n    <\/li>\n\n  <\/ul>\n\n<\/div>\n<\/div><\/div><\/div>\n<\/section><section class=\"bde-section-83-142 bde-section\">\n  \n  \n\t\n\n\n\n<div class=\"section-container\"><div class=\"bde-google-map-83-141 bde-google-map\">\r\n<iframe width=\"100%\" height=\"100%\" style=\"border:0\" loading=\"lazy\" title=\"Map\" src=\"https:\/\/maps.google.com\/maps?q=Davor+i+Tea+Mu%C5%A1kardin%3Cbr%3EMo%C5%A1%C4%87enice+1g%3Cbr%3E51417+Mo%C5%A1%C4%87eni%C4%8Dka+Draga%3Cbr%3EHrvatska&t=m&z=14&output=embed&iwloc=near\" allowfullscreen><\/iframe>\n<\/div><\/div>\n<\/section>","protected":false},"excerpt":{"rendered":"<p>Kontakt obrazac Ne mo\u017eete prona\u0107i kontakt i informacije koje tra\u017eite? Pi\u0161ite nam putem ovog kratkog obrasca. Ime* Va\u0161 kontakt Email* Poruka* Po\u0161alji poruku Contact Us Davor i Tea Mu\u0161kardinMo\u0161\u0107enice 1g51417 Mo\u0161\u0107eni\u010dka DragaHrvatska Telefon ku\u0107a: 00385 (0)51 737 310 Mobilni telefon: 00385 (0)91 788 8061 davorapp@hotmail.com DavorApp Mu\u0161kardin DavorAppMo\u0161cenickaDraga<\/p>","protected":false},"author":1,"featured_media":0,"parent":0,"menu_order":0,"comment_status":"closed","ping_status":"closed","template":"","meta":{"_breakdance_hide_in_design_set":false,"_breakdance_tags":"","footnotes":""},"class_list":["post-83","page","type-page","status-publish","hentry"],"yoast_head":"<!-- This site is optimized with the Yoast SEO plugin v27.2 - https:\/\/yoast.com\/product\/yoast-seo-wordpress\/ -->\n<title>contactUs - DavorApp Naslovna<\/title>\n<meta name=\"robots\" content=\"index, follow, max-snippet:-1, max-image-preview:large, max-video-preview:-1\" \/>\n<link rel=\"canonical\" href=\"https:\/\/davorapp.hr\/de\/contactus\/\" \/>\n<meta property=\"og:locale\" content=\"de_DE\" \/>\n<meta property=\"og:type\" content=\"article\" \/>\n<meta property=\"og:title\" content=\"contactUs - DavorApp Naslovna\" \/>\n<meta property=\"og:description\" content=\"Kontakt obrazac Ne mo\u017eete prona\u0107i kontakt i informacije koje tra\u017eite? Pi\u0161ite nam putem ovog kratkog obrasca. Ime* Va\u0161 kontakt Email* Poruka* Po\u0161alji poruku Contact Us Davor i Tea Mu\u0161kardinMo\u0161\u0107enice 1g51417 Mo\u0161\u0107eni\u010dka DragaHrvatska Telefon ku\u0107a: 00385 (0)51 737 310 Mobilni telefon: 00385 (0)91 788 8061 davorapp@hotmail.com DavorApp Mu\u0161kardin DavorAppMo\u0161cenickaDraga\" \/>\n<meta property=\"og:url\" content=\"https:\/\/davorapp.hr\/de\/contactus\/\" \/>\n<meta property=\"og:site_name\" content=\"DavorApp Naslovna\" \/>\n<meta property=\"article:publisher\" content=\"https:\/\/www.facebook.com\/davor.app.1\" \/>\n<meta property=\"article:modified_time\" content=\"2026-03-24T11:01:06+00:00\" \/>\n<meta name=\"twitter:card\" content=\"summary_large_image\" \/>\n<meta name=\"twitter:label1\" content=\"Gesch\u00e4tzte Lesezeit\" \/>\n\t<meta name=\"twitter:data1\" content=\"1\u00a0Minute\" \/>\n<script type=\"application\/ld+json\" class=\"yoast-schema-graph\">{\"@context\":\"https:\/\/schema.org\",\"@graph\":[{\"@type\":\"WebPage\",\"@id\":\"https:\/\/davorapp.hr\/contactus\/\",\"url\":\"https:\/\/davorapp.hr\/contactus\/\",\"name\":\"contactUs - DavorApp Naslovna\",\"isPartOf\":{\"@id\":\"https:\/\/davorapp.hr\/#website\"},\"datePublished\":\"2026-03-16T10:31:41+00:00\",\"dateModified\":\"2026-03-24T11:01:06+00:00\",\"breadcrumb\":{\"@id\":\"https:\/\/davorapp.hr\/contactus\/#breadcrumb\"},\"inLanguage\":\"de\",\"potentialAction\":[{\"@type\":\"ReadAction\",\"target\":[\"https:\/\/davorapp.hr\/contactus\/\"]}]},{\"@type\":\"BreadcrumbList\",\"@id\":\"https:\/\/davorapp.hr\/contactus\/#breadcrumb\",\"itemListElement\":[{\"@type\":\"ListItem\",\"position\":1,\"name\":\"Home\",\"item\":\"https:\/\/davorapp.hr\/\"},{\"@type\":\"ListItem\",\"position\":2,\"name\":\"contactUs\"}]},{\"@type\":\"WebSite\",\"@id\":\"https:\/\/davorapp.hr\/#website\",\"url\":\"https:\/\/davorapp.hr\/\",\"name\":\"DavorApp\",\"description\":\"Nezaboravno ljetovanje u apartmanima Davorapp u Mo\u0161\u0107eni\u010dkoj Dragi, nedaleko od Opatijske rivijere\",\"publisher\":{\"@id\":\"https:\/\/davorapp.hr\/#organization\"},\"potentialAction\":[{\"@type\":\"SearchAction\",\"target\":{\"@type\":\"EntryPoint\",\"urlTemplate\":\"https:\/\/davorapp.hr\/?s={search_term_string}\"},\"query-input\":{\"@type\":\"PropertyValueSpecification\",\"valueRequired\":true,\"valueName\":\"search_term_string\"}}],\"inLanguage\":\"de\"},{\"@type\":\"Organization\",\"@id\":\"https:\/\/davorapp.hr\/#organization\",\"name\":\"Davor Apartmani\",\"url\":\"https:\/\/davorapp.hr\/\",\"logo\":{\"@type\":\"ImageObject\",\"inLanguage\":\"de\",\"@id\":\"https:\/\/davorapp.hr\/#\/schema\/logo\/image\/\",\"url\":\"https:\/\/davorapp.hr\/wp-content\/uploads\/2026\/03\/logo-davor-removebg-preview.png\",\"contentUrl\":\"https:\/\/davorapp.hr\/wp-content\/uploads\/2026\/03\/logo-davor-removebg-preview.png\",\"width\":400,\"height\":150,\"caption\":\"Davor Apartmani\"},\"image\":{\"@id\":\"https:\/\/davorapp.hr\/#\/schema\/logo\/image\/\"},\"sameAs\":[\"https:\/\/www.facebook.com\/davor.app.1\"]}]}<\/script>\n<!-- \/ Yoast SEO plugin. -->","yoast_head_json":{"title":"contactUs - DavorApp Naslovna","robots":{"index":"index","follow":"follow","max-snippet":"max-snippet:-1","max-image-preview":"max-image-preview:large","max-video-preview":"max-video-preview:-1"},"canonical":"https:\/\/davorapp.hr\/de\/contactus\/","og_locale":"de_DE","og_type":"article","og_title":"contactUs - DavorApp Naslovna","og_description":"Kontakt obrazac Ne mo\u017eete prona\u0107i kontakt i informacije koje tra\u017eite? Pi\u0161ite nam putem ovog kratkog obrasca. Ime* Va\u0161 kontakt Email* Poruka* Po\u0161alji poruku Contact Us Davor i Tea Mu\u0161kardinMo\u0161\u0107enice 1g51417 Mo\u0161\u0107eni\u010dka DragaHrvatska Telefon ku\u0107a: 00385 (0)51 737 310 Mobilni telefon: 00385 (0)91 788 8061 davorapp@hotmail.com DavorApp Mu\u0161kardin DavorAppMo\u0161cenickaDraga","og_url":"https:\/\/davorapp.hr\/de\/contactus\/","og_site_name":"DavorApp Naslovna","article_publisher":"https:\/\/www.facebook.com\/davor.app.1","article_modified_time":"2026-03-24T11:01:06+00:00","twitter_card":"summary_large_image","twitter_misc":{"Gesch\u00e4tzte Lesezeit":"1\u00a0Minute"},"schema":{"@context":"https:\/\/schema.org","@graph":[{"@type":"WebPage","@id":"https:\/\/davorapp.hr\/contactus\/","url":"https:\/\/davorapp.hr\/contactus\/","name":"contactUs - DavorApp Naslovna","isPartOf":{"@id":"https:\/\/davorapp.hr\/#website"},"datePublished":"2026-03-16T10:31:41+00:00","dateModified":"2026-03-24T11:01:06+00:00","breadcrumb":{"@id":"https:\/\/davorapp.hr\/contactus\/#breadcrumb"},"inLanguage":"de","potentialAction":[{"@type":"ReadAction","target":["https:\/\/davorapp.hr\/contactus\/"]}]},{"@type":"BreadcrumbList","@id":"https:\/\/davorapp.hr\/contactus\/#breadcrumb","itemListElement":[{"@type":"ListItem","position":1,"name":"Home","item":"https:\/\/davorapp.hr\/"},{"@type":"ListItem","position":2,"name":"contactUs"}]},{"@type":"WebSite","@id":"https:\/\/davorapp.hr\/#website","url":"https:\/\/davorapp.hr\/","name":"DavorApp","description":"Nezaboravno ljetovanje u apartmanima Davorapp u Mo\u0161\u0107eni\u010dkoj Dragi, nedaleko od Opatijske rivijere","publisher":{"@id":"https:\/\/davorapp.hr\/#organization"},"potentialAction":[{"@type":"SearchAction","target":{"@type":"EntryPoint","urlTemplate":"https:\/\/davorapp.hr\/?s={search_term_string}"},"query-input":{"@type":"PropertyValueSpecification","valueRequired":true,"valueName":"search_term_string"}}],"inLanguage":"de"},{"@type":"Organization","@id":"https:\/\/davorapp.hr\/#organization","name":"Davor Apartmani","url":"https:\/\/davorapp.hr\/","logo":{"@type":"ImageObject","inLanguage":"de","@id":"https:\/\/davorapp.hr\/#\/schema\/logo\/image\/","url":"https:\/\/davorapp.hr\/wp-content\/uploads\/2026\/03\/logo-davor-removebg-preview.png","contentUrl":"https:\/\/davorapp.hr\/wp-content\/uploads\/2026\/03\/logo-davor-removebg-preview.png","width":400,"height":150,"caption":"Davor Apartmani"},"image":{"@id":"https:\/\/davorapp.hr\/#\/schema\/logo\/image\/"},"sameAs":["https:\/\/www.facebook.com\/davor.app.1"]}]}},"_links":{"self":[{"href":"https:\/\/davorapp.hr\/de\/wp-json\/wp\/v2\/pages\/83","targetHints":{"allow":["GET"]}}],"collection":[{"href":"https:\/\/davorapp.hr\/de\/wp-json\/wp\/v2\/pages"}],"about":[{"href":"https:\/\/davorapp.hr\/de\/wp-json\/wp\/v2\/types\/page"}],"author":[{"embeddable":true,"href":"https:\/\/davorapp.hr\/de\/wp-json\/wp\/v2\/users\/1"}],"replies":[{"embeddable":true,"href":"https:\/\/davorapp.hr\/de\/wp-json\/wp\/v2\/comments?post=83"}],"version-history":[{"count":16,"href":"https:\/\/davorapp.hr\/de\/wp-json\/wp\/v2\/pages\/83\/revisions"}],"predecessor-version":[{"id":492,"href":"https:\/\/davorapp.hr\/de\/wp-json\/wp\/v2\/pages\/83\/revisions\/492"}],"wp:attachment":[{"href":"https:\/\/davorapp.hr\/de\/wp-json\/wp\/v2\/media?parent=83"}],"curies":[{"name":"wp","href":"https:\/\/api.w.org\/{rel}","templated":true}]}}