{"id":76,"date":"2026-03-16T10:31:35","date_gmt":"2026-03-16T10:31:35","guid":{"rendered":"https:\/\/davorapp.hrblog-list\/"},"modified":"2026-04-14T17:40:37","modified_gmt":"2026-04-14T17:40:37","slug":"apartment4","status":"publish","type":"page","link":"https:\/\/davorapp.hr\/it\/apartment4\/","title":{"rendered":"apartment4"},"content":{"rendered":"<h2>Appartamento 4<\/h2>\n<p>Appartamento 4 (2+1 persona) \u00e8 costituito da una camera da letto (letto matrimoniale), un soggiorno con cucina e bagno con doccia. Ha un balcone con vista sul del mare con arredamento, aria condizionata, moderno TV satellitare, wireless connessione sul internet, un parcheggio e la possibilit\u00e0 di riscaldamento (stagione invernale).<br \/>\nLa lenzuola, gli asciugamani e pulizia finale sono inclusi nel prezzo. L'uso del clima \u00e8 5\u20ac\/giorno, animale domestico 10\u20ac \/ giorno.  <\/p>\n<p>Il contenuto esterno: lettini sotto il sole con vista sul del mare, casa con una griglia, sala a socializzare e parco giochi per bambini.  <\/p>\n<p>Quadratura di appartamento: 40 m2 + balcone 10 m2 <\/p>\n<pre><code>Datum Pcijena     01.01. \u2013 15.06. 55 \u20ac   16.06. \u2013 15.07. 60 \u20ac   16.07. \u2013 31.08. 65 \u20ac   01.09. \u2013 01.01. 55 \u20ac   \n<\/code><\/pre>\n<h2>Galerija<\/h2>\n<p> <a href=\"https:\/\/davorapp.hr\/\/wp-content\/uploads\/2026\/03\/IMG_3949-scaled.jpg\">  <img decoding=\"async\" src=\"https:\/\/davorapp.hr\/\/wp-content\/uploads\/2026\/03\/IMG_3949-1024x683.jpg\" alt=\"\">  <\/a> <a href=\"https:\/\/davorapp.hr\/\/wp-content\/uploads\/2026\/03\/IMG_3912-scaled.jpg\">  <img decoding=\"async\" src=\"https:\/\/davorapp.hr\/\/wp-content\/uploads\/2026\/03\/IMG_3912-1024x683.jpg\" alt=\"\">  <\/a> <a href=\"https:\/\/davorapp.hr\/\/wp-content\/uploads\/2026\/03\/IMG_3953-scaled.jpg\">  <img decoding=\"async\" src=\"https:\/\/davorapp.hr\/\/wp-content\/uploads\/2026\/03\/IMG_3953-1024x683.jpg\" alt=\"\">  <\/a> <a href=\"https:\/\/davorapp.hr\/\/wp-content\/uploads\/2026\/03\/IMG_3920-scaled.jpg\">  <img decoding=\"async\" src=\"https:\/\/davorapp.hr\/\/wp-content\/uploads\/2026\/03\/IMG_3920-1024x682.jpg\" alt=\"\">  <\/a> <a href=\"https:\/\/davorapp.hr\/\/wp-content\/uploads\/2026\/03\/IMG_3957-scaled.jpg\">  <img decoding=\"async\" src=\"https:\/\/davorapp.hr\/\/wp-content\/uploads\/2026\/03\/IMG_3957-1024x683.jpg\" alt=\"\">  <\/a> <a href=\"https:\/\/davorapp.hr\/\/wp-content\/uploads\/2026\/03\/IMG_3912-scaled.jpg\">  <img decoding=\"async\" src=\"https:\/\/davorapp.hr\/\/wp-content\/uploads\/2026\/03\/IMG_3912-1024x683.jpg\" alt=\"\">  <\/a> <a href=\"https:\/\/davorapp.hr\/\/wp-content\/uploads\/2026\/03\/IMG_3926-scaled.jpg\">  <img decoding=\"async\" src=\"https:\/\/davorapp.hr\/\/wp-content\/uploads\/2026\/03\/IMG_3926-1024x683.jpg\" alt=\"\">  <\/a> <a href=\"https:\/\/davorapp.hr\/\/wp-content\/uploads\/2026\/03\/IMG_3937-scaled.jpg\">  <img decoding=\"async\" src=\"https:\/\/davorapp.hr\/\/wp-content\/uploads\/2026\/03\/IMG_3937-1024x683.jpg\" alt=\"\">  <\/a> <a href=\"https:\/\/davorapp.hr\/\/wp-content\/uploads\/2026\/03\/IMG_3941-scaled.jpg\">  <img decoding=\"async\" src=\"https:\/\/davorapp.hr\/\/wp-content\/uploads\/2026\/03\/IMG_3941-1024x683.jpg\" alt=\"\">  <\/a> <a href=\"https:\/\/davorapp.hr\/\/wp-content\/uploads\/2026\/03\/IMG_3909-scaled.jpg\">  <img decoding=\"async\" src=\"https:\/\/davorapp.hr\/\/wp-content\/uploads\/2026\/03\/IMG_3909-683x1024.jpg\" alt=\"\">  <\/a> <a href=\"https:\/\/davorapp.hr\/\/wp-content\/uploads\/2026\/03\/IMG_3911-scaled.jpg\">  <img decoding=\"async\" src=\"https:\/\/davorapp.hr\/\/wp-content\/uploads\/2026\/03\/IMG_3911-683x1024.jpg\" alt=\"\">  <\/a> <a href=\"https:\/\/davorapp.hr\/\/wp-content\/uploads\/2026\/03\/IMG_3962-scaled.jpg\">  <img decoding=\"async\" src=\"https:\/\/davorapp.hr\/\/wp-content\/uploads\/2026\/03\/IMG_3962-1024x683.jpg\" alt=\"\">  <\/a> <a href=\"https:\/\/davorapp.hr\/\/wp-content\/uploads\/2026\/03\/IMG_3965-scaled.jpg\">  <img decoding=\"async\" src=\"https:\/\/davorapp.hr\/\/wp-content\/uploads\/2026\/03\/IMG_3965-1024x683.jpg\" alt=\"\">  <\/a> <a href=\"https:\/\/davorapp.hr\/\/wp-content\/uploads\/2026\/03\/IMG_3971-scaled.jpg\">  <img decoding=\"async\" src=\"https:\/\/davorapp.hr\/\/wp-content\/uploads\/2026\/03\/IMG_3971-1024x683.jpg\" alt=\"\">  <\/a> <a href=\"https:\/\/davorapp.hr\/\/wp-content\/uploads\/2026\/03\/IMG_3973-scaled.jpg\">  <img decoding=\"async\" src=\"https:\/\/davorapp.hr\/\/wp-content\/uploads\/2026\/03\/IMG_3973-1024x683.jpg\" alt=\"\">  <\/a> <a href=\"https:\/\/davorapp.hr\/\/wp-content\/uploads\/2026\/03\/IMG_3974-scaled.jpg\">  <img decoding=\"async\" src=\"https:\/\/davorapp.hr\/\/wp-content\/uploads\/2026\/03\/IMG_3974-1024x683.jpg\" alt=\"\">  <\/a> <a href=\"https:\/\/davorapp.hr\/\/wp-content\/uploads\/2026\/03\/IMG_3977-1-scaled.jpg\">  <img decoding=\"async\" src=\"https:\/\/davorapp.hr\/\/wp-content\/uploads\/2026\/03\/IMG_3977-1-1024x681.jpg\" alt=\"\">  <\/a> <a href=\"https:\/\/davorapp.hr\/\/wp-content\/uploads\/2026\/03\/IMG_3982-scaled.jpg\">  <img decoding=\"async\" src=\"https:\/\/davorapp.hr\/\/wp-content\/uploads\/2026\/03\/IMG_3982-1024x683.jpg\" alt=\"\">  <\/a> <a href=\"https:\/\/davorapp.hr\/\/wp-content\/uploads\/2026\/03\/IMG_3985-scaled.jpg\">  <img decoding=\"async\" src=\"https:\/\/davorapp.hr\/\/wp-content\/uploads\/2026\/03\/IMG_3985-1024x683.jpg\" alt=\"\">  <\/a> <a href=\"https:\/\/davorapp.hr\/\/wp-content\/uploads\/2026\/03\/IMG_3988-scaled.jpg\">  <img decoding=\"async\" src=\"https:\/\/davorapp.hr\/\/wp-content\/uploads\/2026\/03\/IMG_3988-1024x683.jpg\" alt=\"\">  <\/a> <a href=\"https:\/\/davorapp.hr\/\/wp-content\/uploads\/2026\/03\/IMG_3906-scaled.jpg\">  <img decoding=\"async\" src=\"https:\/\/davorapp.hr\/\/wp-content\/uploads\/2026\/03\/IMG_3906-683x1024.jpg\" alt=\"\">  <\/a> <\/p>\n<h2>Pogledajte na\u0161e apartmane<\/h2>\n<h3>Appartamento 1(2)<\/h3>\n<p><img decoding=\"async\" src=\"https:\/\/davorapp.hr\/\/wp-content\/uploads\/2026\/03\/IMG_3720-scaled.jpg\" alt=\"\">### Studio Apartman 1 <\/p>\n<p>Studio Apartman 1 sastoji se od spava\u0107e sobe, mini kuhinje i kupaonice sa tu\u0161em. Apartman ima balkon s prekrasnim pogledom na more i mno\u0161tvo dodatnog sadr\u017eaja. <\/p>\n<p> <a href=\"#\"> da <\/a><a href=\"#\"> 45\u20ac <\/a><a href=\"#\"> \/notte <\/a> <a href=\"https:\/\/davorapp.hr\/it\/apartment1\/\"> Visualizza altro <\/a> <\/p>\n<h3>Appartamento 2(2)<\/h3>\n<p><img decoding=\"async\" src=\"https:\/\/davorapp.hr\/\/wp-content\/uploads\/2026\/03\/IMG_3776-scaled.jpg\" alt=\"\">### Studio Apartman 2 <\/p>\n<p>Studio Apartman 2 sastoji se od spava\u0107e sobe, mini kuhinje i kupaonice sa tu\u0161em. Apartman ima balkon s prekrasnim pogledom na more i mno\u0161tvo dodatnog sadr\u017eaja. <\/p>\n<p> <a href=\"#\"> da <\/a><a href=\"#\"> 45\u20ac <\/a><a href=\"#\"> \/notte <\/a> <a href=\"https:\/\/davorapp.hr\/it\/apartment2\/\"> Visualizza altro <\/a> <\/p>\n<h3>Appartamento 3(2+1)<\/h3>\n<p><img decoding=\"async\" src=\"https:\/\/davorapp.hr\/\/wp-content\/uploads\/2026\/03\/IMG_4021-scaled.jpg\" alt=\"\">### Studio Apartman 3 <\/p>\n<p>Studio Apartmani 3 sastoji se od spava\u0107e sobe, mini kuhinje, kupaone sa tu\u0161em. Ima balkon s prekrasnim pogledom na more s vanjskom garniturom i mno\u0161tvo dodatnog sadr\u017eaja. <\/p>\n<p> <a href=\"#\"> da <\/a><a href=\"#\"> 50\u20ac <\/a><a href=\"#\"> \/notte <\/a> <a href=\"https:\/\/davorapp.hr\/it\/apartment3\/\"> Visualizza altro <\/a> <\/p>\n<h3>Appartamento 4(2+1)<\/h3>\n<p><img decoding=\"async\" src=\"https:\/\/davorapp.hr\/\/wp-content\/uploads\/2026\/03\/IMG_3915-scaled.jpg\" alt=\"\">### Apartman 4 <\/p>\n<p>Apartman 4 sastoji se od spava\u0107e sobe, dnevnog boravka s kuhinjom i kupaone sa tu\u0161em. Ima balkon s prekrasnim pogledom na more s vanjskom garniturom i mno\u0161tvo dodatnog sadr\u017eaja. <\/p>\n<p class=\"translation-block\"><a class=\"bde-text-link-87-1434 bde-text-link breakdance-link\" href=\"#\" target=\"_self\">\r\n  od\r\n\r\n<\/a><a class=\"bde-text-link-87-1435 bde-text-link breakdance-link\" href=\"#\" target=\"_self\">\r\n  55\u20ac\r\n\r\n<\/a><a class=\"bde-text-link-87-1436 bde-text-link breakdance-link\" href=\"#\" target=\"_self\">\r\n  \/no\u0107enju\r\n\r\n<\/a><div class=\"bde-button-87-1470 bde-button\">\r\n    \r\n                                    \r\n    \r\n    \r\n    \r\n    \r\n            \r\n                    \r\n            \r\n            \r\n\r\n    \r\n    \r\n    \r\n    \r\n    \r\n    <a class=\"breakdance-link button-atom button-atom--primary bde-button__button\" href=\"https:\/\/davorapp.hr\/it\/apartment4\/\" target=\"_self\" data-type=\"url\">\r\n\r\n    \r\n        <span class=\"button-atom__text\">Prika\u017ei vi\u0161e<\/span>\r\n\r\n        \r\n        \r\n                <\/a>\r\n\r\n    \r\n\r\n\r\n<\/div><\/p>","protected":false},"excerpt":{"rendered":"<p>Apartman 4 Apartman 4 (2+1) sastoji se od spava\u0107e sobe s bra\u010dnim krevetom, dnevnog boravka s kuhinjom, kupaonice sa tu\u0161em i balkona s pogledom na more s vanjskom sjede\u0107om garniturom. Ima klima ure\u0111aj( grijanje za zimske termine isklju\u010divo na upit), satelitsku LED TV, wifi internet i parkirno mjesto. Mogu\u0107nost 2 dodatna le\u017eaja. Posteljina i ru\u010dnici [&hellip;]<\/p>\n","protected":false},"author":1,"featured_media":0,"parent":0,"menu_order":0,"comment_status":"closed","ping_status":"closed","template":"","meta":{"_breakdance_hide_in_design_set":false,"_breakdance_tags":"","footnotes":""},"class_list":["post-76","page","type-page","status-publish","hentry"],"yoast_head":"<!-- This site is optimized with the Yoast SEO plugin v27.2 - https:\/\/yoast.com\/product\/yoast-seo-wordpress\/ -->\n<title>apartment4 - DavorApp Naslovna<\/title>\n<meta name=\"robots\" content=\"index, follow, max-snippet:-1, max-image-preview:large, max-video-preview:-1\" \/>\n<link rel=\"canonical\" href=\"https:\/\/davorapp.hr\/it\/apartment4\/\" \/>\n<meta property=\"og:locale\" content=\"it_IT\" \/>\n<meta property=\"og:type\" content=\"article\" \/>\n<meta property=\"og:title\" content=\"apartment4 - DavorApp Naslovna\" \/>\n<meta property=\"og:description\" content=\"Apartman 4 Apartman 4 (2+1) sastoji se od spava\u0107e sobe s bra\u010dnim krevetom, dnevnog boravka s kuhinjom, kupaonice sa tu\u0161em i balkona s pogledom na more s vanjskom sjede\u0107om garniturom. Ima klima ure\u0111aj( grijanje za zimske termine isklju\u010divo na upit), satelitsku LED TV, wifi internet i parkirno mjesto. Mogu\u0107nost 2 dodatna le\u017eaja. Posteljina i ru\u010dnici [&hellip;]\" \/>\n<meta property=\"og:url\" content=\"https:\/\/davorapp.hr\/it\/apartment4\/\" \/>\n<meta property=\"og:site_name\" content=\"DavorApp Naslovna\" \/>\n<meta property=\"article:publisher\" content=\"https:\/\/www.facebook.com\/davor.app.1\" \/>\n<meta property=\"article:modified_time\" content=\"2026-04-14T17:40:37+00:00\" \/>\n<meta property=\"og:image\" content=\"https:\/\/davorapp.hr\/\/wp-content\/uploads\/2026\/03\/IMG_3949-1024x683.jpg\" \/>\n<meta name=\"twitter:card\" content=\"summary_large_image\" \/>\n<meta name=\"twitter:label1\" content=\"Tempo di lettura stimato\" \/>\n\t<meta name=\"twitter:data1\" content=\"7 minuti\" \/>\n<script type=\"application\/ld+json\" class=\"yoast-schema-graph\">{\"@context\":\"https:\/\/schema.org\",\"@graph\":[{\"@type\":\"WebPage\",\"@id\":\"https:\/\/davorapp.hr\/apartment4\/\",\"url\":\"https:\/\/davorapp.hr\/apartment4\/\",\"name\":\"apartment4 - DavorApp Naslovna\",\"isPartOf\":{\"@id\":\"https:\/\/davorapp.hr\/#website\"},\"primaryImageOfPage\":{\"@id\":\"https:\/\/davorapp.hr\/apartment4\/#primaryimage\"},\"image\":{\"@id\":\"https:\/\/davorapp.hr\/apartment4\/#primaryimage\"},\"thumbnailUrl\":\"https:\/\/davorapp.hr\/\/wp-content\/uploads\/2026\/03\/IMG_3949-1024x683.jpg\",\"datePublished\":\"2026-03-16T10:31:35+00:00\",\"dateModified\":\"2026-04-14T17:40:37+00:00\",\"breadcrumb\":{\"@id\":\"https:\/\/davorapp.hr\/apartment4\/#breadcrumb\"},\"inLanguage\":\"it-IT\",\"potentialAction\":[{\"@type\":\"ReadAction\",\"target\":[\"https:\/\/davorapp.hr\/apartment4\/\"]}]},{\"@type\":\"ImageObject\",\"inLanguage\":\"it-IT\",\"@id\":\"https:\/\/davorapp.hr\/apartment4\/#primaryimage\",\"url\":\"https:\/\/davorapp.hr\/\/wp-content\/uploads\/2026\/03\/IMG_3949-1024x683.jpg\",\"contentUrl\":\"https:\/\/davorapp.hr\/\/wp-content\/uploads\/2026\/03\/IMG_3949-1024x683.jpg\"},{\"@type\":\"BreadcrumbList\",\"@id\":\"https:\/\/davorapp.hr\/apartment4\/#breadcrumb\",\"itemListElement\":[{\"@type\":\"ListItem\",\"position\":1,\"name\":\"Home\",\"item\":\"https:\/\/davorapp.hr\/\"},{\"@type\":\"ListItem\",\"position\":2,\"name\":\"apartment4\"}]},{\"@type\":\"WebSite\",\"@id\":\"https:\/\/davorapp.hr\/#website\",\"url\":\"https:\/\/davorapp.hr\/\",\"name\":\"DavorApp\",\"description\":\"Nezaboravno ljetovanje u apartmanima Davorapp u Mo\u0161\u0107eni\u010dkoj Dragi, nedaleko od Opatijske rivijere\",\"publisher\":{\"@id\":\"https:\/\/davorapp.hr\/#organization\"},\"potentialAction\":[{\"@type\":\"SearchAction\",\"target\":{\"@type\":\"EntryPoint\",\"urlTemplate\":\"https:\/\/davorapp.hr\/?s={search_term_string}\"},\"query-input\":{\"@type\":\"PropertyValueSpecification\",\"valueRequired\":true,\"valueName\":\"search_term_string\"}}],\"inLanguage\":\"it-IT\"},{\"@type\":\"Organization\",\"@id\":\"https:\/\/davorapp.hr\/#organization\",\"name\":\"Davor Apartmani\",\"url\":\"https:\/\/davorapp.hr\/\",\"logo\":{\"@type\":\"ImageObject\",\"inLanguage\":\"it-IT\",\"@id\":\"https:\/\/davorapp.hr\/#\/schema\/logo\/image\/\",\"url\":\"https:\/\/davorapp.hr\/wp-content\/uploads\/2026\/03\/logo-davor-removebg-preview.png\",\"contentUrl\":\"https:\/\/davorapp.hr\/wp-content\/uploads\/2026\/03\/logo-davor-removebg-preview.png\",\"width\":400,\"height\":150,\"caption\":\"Davor Apartmani\"},\"image\":{\"@id\":\"https:\/\/davorapp.hr\/#\/schema\/logo\/image\/\"},\"sameAs\":[\"https:\/\/www.facebook.com\/davor.app.1\"]}]}<\/script>\n<!-- \/ Yoast SEO plugin. -->","yoast_head_json":{"title":"apartment4 - DavorApp Naslovna","robots":{"index":"index","follow":"follow","max-snippet":"max-snippet:-1","max-image-preview":"max-image-preview:large","max-video-preview":"max-video-preview:-1"},"canonical":"https:\/\/davorapp.hr\/it\/apartment4\/","og_locale":"it_IT","og_type":"article","og_title":"apartment4 - DavorApp Naslovna","og_description":"Apartman 4 Apartman 4 (2+1) sastoji se od spava\u0107e sobe s bra\u010dnim krevetom, dnevnog boravka s kuhinjom, kupaonice sa tu\u0161em i balkona s pogledom na more s vanjskom sjede\u0107om garniturom. Ima klima ure\u0111aj( grijanje za zimske termine isklju\u010divo na upit), satelitsku LED TV, wifi internet i parkirno mjesto. Mogu\u0107nost 2 dodatna le\u017eaja. Posteljina i ru\u010dnici [&hellip;]","og_url":"https:\/\/davorapp.hr\/it\/apartment4\/","og_site_name":"DavorApp Naslovna","article_publisher":"https:\/\/www.facebook.com\/davor.app.1","article_modified_time":"2026-04-14T17:40:37+00:00","og_image":[{"url":"https:\/\/davorapp.hr\/\/wp-content\/uploads\/2026\/03\/IMG_3949-1024x683.jpg","type":"","width":"","height":""}],"twitter_card":"summary_large_image","twitter_misc":{"Tempo di lettura stimato":"7 minuti"},"schema":{"@context":"https:\/\/schema.org","@graph":[{"@type":"WebPage","@id":"https:\/\/davorapp.hr\/apartment4\/","url":"https:\/\/davorapp.hr\/apartment4\/","name":"apartment4 - DavorApp Naslovna","isPartOf":{"@id":"https:\/\/davorapp.hr\/#website"},"primaryImageOfPage":{"@id":"https:\/\/davorapp.hr\/apartment4\/#primaryimage"},"image":{"@id":"https:\/\/davorapp.hr\/apartment4\/#primaryimage"},"thumbnailUrl":"https:\/\/davorapp.hr\/\/wp-content\/uploads\/2026\/03\/IMG_3949-1024x683.jpg","datePublished":"2026-03-16T10:31:35+00:00","dateModified":"2026-04-14T17:40:37+00:00","breadcrumb":{"@id":"https:\/\/davorapp.hr\/apartment4\/#breadcrumb"},"inLanguage":"it-IT","potentialAction":[{"@type":"ReadAction","target":["https:\/\/davorapp.hr\/apartment4\/"]}]},{"@type":"ImageObject","inLanguage":"it-IT","@id":"https:\/\/davorapp.hr\/apartment4\/#primaryimage","url":"https:\/\/davorapp.hr\/\/wp-content\/uploads\/2026\/03\/IMG_3949-1024x683.jpg","contentUrl":"https:\/\/davorapp.hr\/\/wp-content\/uploads\/2026\/03\/IMG_3949-1024x683.jpg"},{"@type":"BreadcrumbList","@id":"https:\/\/davorapp.hr\/apartment4\/#breadcrumb","itemListElement":[{"@type":"ListItem","position":1,"name":"Home","item":"https:\/\/davorapp.hr\/"},{"@type":"ListItem","position":2,"name":"apartment4"}]},{"@type":"WebSite","@id":"https:\/\/davorapp.hr\/#website","url":"https:\/\/davorapp.hr\/","name":"DavorApp","description":"Nezaboravno ljetovanje u apartmanima Davorapp u Mo\u0161\u0107eni\u010dkoj Dragi, nedaleko od Opatijske rivijere","publisher":{"@id":"https:\/\/davorapp.hr\/#organization"},"potentialAction":[{"@type":"SearchAction","target":{"@type":"EntryPoint","urlTemplate":"https:\/\/davorapp.hr\/?s={search_term_string}"},"query-input":{"@type":"PropertyValueSpecification","valueRequired":true,"valueName":"search_term_string"}}],"inLanguage":"it-IT"},{"@type":"Organization","@id":"https:\/\/davorapp.hr\/#organization","name":"Davor Apartmani","url":"https:\/\/davorapp.hr\/","logo":{"@type":"ImageObject","inLanguage":"it-IT","@id":"https:\/\/davorapp.hr\/#\/schema\/logo\/image\/","url":"https:\/\/davorapp.hr\/wp-content\/uploads\/2026\/03\/logo-davor-removebg-preview.png","contentUrl":"https:\/\/davorapp.hr\/wp-content\/uploads\/2026\/03\/logo-davor-removebg-preview.png","width":400,"height":150,"caption":"Davor Apartmani"},"image":{"@id":"https:\/\/davorapp.hr\/#\/schema\/logo\/image\/"},"sameAs":["https:\/\/www.facebook.com\/davor.app.1"]}]}},"_links":{"self":[{"href":"https:\/\/davorapp.hr\/it\/wp-json\/wp\/v2\/pages\/76","targetHints":{"allow":["GET"]}}],"collection":[{"href":"https:\/\/davorapp.hr\/it\/wp-json\/wp\/v2\/pages"}],"about":[{"href":"https:\/\/davorapp.hr\/it\/wp-json\/wp\/v2\/types\/page"}],"author":[{"embeddable":true,"href":"https:\/\/davorapp.hr\/it\/wp-json\/wp\/v2\/users\/1"}],"replies":[{"embeddable":true,"href":"https:\/\/davorapp.hr\/it\/wp-json\/wp\/v2\/comments?post=76"}],"version-history":[{"count":9,"href":"https:\/\/davorapp.hr\/it\/wp-json\/wp\/v2\/pages\/76\/revisions"}],"predecessor-version":[{"id":498,"href":"https:\/\/davorapp.hr\/it\/wp-json\/wp\/v2\/pages\/76\/revisions\/498"}],"wp:attachment":[{"href":"https:\/\/davorapp.hr\/it\/wp-json\/wp\/v2\/media?parent=76"}],"curies":[{"name":"wp","href":"https:\/\/api.w.org\/{rel}","templated":true}]}}